{"id":637,"date":"2020-04-20T17:13:22","date_gmt":"2020-04-20T15:13:22","guid":{"rendered":"http:\/\/infuse-films.com\/?page_id=637"},"modified":"2024-05-13T12:44:31","modified_gmt":"2024-05-13T10:44:31","slug":"notre-studio","status":"publish","type":"page","link":"https:\/\/infuse-films.com\/index.php\/notre-studio\/","title":{"rendered":"Le studio"},"content":{"rendered":"<p>[vc_row][vc_column][vc_empty_space][\/vc_column][\/vc_row][vc_row][vc_column width=\u00a0\u00bb2\/3&Prime;][vc_column_text]<\/p>\n<h1><span style=\"font-weight: 400;\">Studio de cr\u00e9ation, r\u00e9alisation et production audiovisuelle<\/span><\/h1>\n<p>[\/vc_column_text][\/vc_column][vc_column width=\u00a0\u00bb1\/6&Prime;][\/vc_column][\/vc_row][vc_row][vc_column width=\u00a0\u00bb2\/3&Prime;][vc_column_text]<\/p>\n<p style=\"text-align: left;\"><span style=\"font-weight: 400;\">Situ\u00e9 \u00e0 Lyon-Villeurbanne, le studio dispose d\u2019un emplacement strat\u00e9gique dans le p\u00f4le de production lyonnais. Il est \u00e0 proximit\u00e9 imm\u00e9diate de la gare de Lyon Part-Dieu, du p\u00f4le Pixel ainsi que du boulevard p\u00e9riph\u00e9rique.<\/span><\/p>\n<p>[\/vc_column_text][\/vc_column][vc_column width=\u00a0\u00bb1\/6&Prime;][\/vc_column][\/vc_row][vc_row][vc_column][vc_single_image image=\u00a0\u00bb653&Prime; img_size=\u00a0\u00bblarge\u00a0\u00bb alignment=\u00a0\u00bbcenter\u00a0\u00bb][vc_column_text]<\/p>\n<h2><span style=\"font-weight: 400;\">Greystone Studio : aux bons artisans les bons outils !<\/span><\/h2>\n<p>[\/vc_column_text][\/vc_column][\/vc_row][vc_row][vc_column width=\u00a0\u00bb1\/5&Prime;][vc_single_image image=\u00a0\u00bb7607&Prime; img_size=\u00a0\u00bblarge\u00a0\u00bb alignment=\u00a0\u00bbcenter\u00a0\u00bb onclick=\u00a0\u00bbcustom_link\u00a0\u00bb img_link_target=\u00a0\u00bb_blank\u00a0\u00bb link=\u00a0\u00bbhttps:\/\/infuse-films.com\/wp-content\/uploads\/2020\/04\/greystone-plateau-artif-vue04-1536&#215;1024.jpg\u00a0\u00bb][vc_column_text]<\/p>\n<p style=\"text-align: center;\"><span style=\"font-weight: 400;\">plateau de prise de vue &#8211; <\/span><span style=\"font-weight: 400;\">\u00a052<\/span><span style=\"font-weight: 400;\">m<\/span><span style=\"font-weight: 400;\">2<\/span><span style=\"font-weight: 400;\">\u00a0 (7,5x7m et 4,50m de hauteur sous plafond)<\/span><\/p>\n<p>[\/vc_column_text][\/vc_column][vc_column width=\u00a0\u00bb1\/5&Prime;][vc_single_image image=\u00a0\u00bb7606&Prime; img_size=\u00a0\u00bblarge\u00a0\u00bb alignment=\u00a0\u00bbcenter\u00a0\u00bb onclick=\u00a0\u00bbcustom_link\u00a0\u00bb img_link_target=\u00a0\u00bb_blank\u00a0\u00bb link=\u00a0\u00bbhttps:\/\/greystone.studio\/grill-technique.html\u00a0\u00bb][vc_column_text]<\/p>\n<p style=\"text-align: center;\"><span style=\"font-weight: 400;\">\u00a0grill motoris\u00e9 de 4x4m<\/span><\/p>\n<p>[\/vc_column_text][\/vc_column][vc_column width=\u00a0\u00bb1\/5&Prime;][vc_single_image image=\u00a0\u00bb7609&Prime; img_size=\u00a0\u00bblarge\u00a0\u00bb alignment=\u00a0\u00bbcenter\u00a0\u00bb onclick=\u00a0\u00bbcustom_link\u00a0\u00bb img_link_target=\u00a0\u00bb_blank\u00a0\u00bb link=\u00a0\u00bbhttps:\/\/greystone.studio\/\/pied-colonne.html\u00a0\u00bb][vc_column_text]<\/p>\n<p style=\"text-align: center;\"><span style=\"font-weight: 400;\">pied colonne Combo de 3,50m<\/span><\/p>\n<p>[\/vc_column_text][\/vc_column][vc_column width=\u00a0\u00bb1\/5&Prime;][vc_single_image image=\u00a0\u00bb7608&Prime; img_size=\u00a0\u00bblarge\u00a0\u00bb alignment=\u00a0\u00bbcenter\u00a0\u00bb onclick=\u00a0\u00bbcustom_link\u00a0\u00bb img_link_target=\u00a0\u00bb_blank\u00a0\u00bb link=\u00a0\u00bbhttps:\/\/infuse-films.com\/wp-content\/uploads\/2020\/04\/greystone-plateau-artif-vue03-1536&#215;1024.jpg\u00a0\u00bb][vc_column_text]<\/p>\n<p style=\"text-align: center;\">cyclo multicolor motoris\u00e9 de 3,50 m et 2,72<\/p>\n<p>[\/vc_column_text][\/vc_column][vc_column width=\u00a0\u00bb1\/5&Prime;][vc_single_image image=\u00a0\u00bb7604&Prime; img_size=\u00a0\u00bblarge\u00a0\u00bb alignment=\u00a0\u00bbcenter\u00a0\u00bb onclick=\u00a0\u00bbcustom_link\u00a0\u00bb img_link_target=\u00a0\u00bb_blank\u00a0\u00bb link=\u00a0\u00bbhttps:\/\/greystone.studio\/\/daylight-artif.html\u00a0\u00bb][vc_column_text]<\/p>\n<p style=\"text-align: center;\"><span style=\"font-weight: 400;\">Daylight &amp; Artif<\/span><\/p>\n<p>[\/vc_column_text][\/vc_column][\/vc_row][vc_row][vc_column width=\u00a0\u00bb1\/5&Prime;][vc_single_image image=\u00a0\u00bb7591&Prime; img_size=\u00a0\u00bblarge\u00a0\u00bb alignment=\u00a0\u00bbcenter\u00a0\u00bb onclick=\u00a0\u00bbcustom_link\u00a0\u00bb img_link_target=\u00a0\u00bb_blank\u00a0\u00bb link=\u00a0\u00bbhttps:\/\/infuse-films.com\/wp-content\/uploads\/2020\/04\/greystone-plateau-daylight-vue03-1536&#215;1024.jpg\u00a0\u00bb][vc_column_text]<\/p>\n<p style=\"text-align: center;\">Climatisation r\u00e9versible<\/p>\n<p>[\/vc_column_text][\/vc_column][vc_column width=\u00a0\u00bb1\/5&Prime;][vc_single_image image=\u00a0\u00bb7610&Prime; img_size=\u00a0\u00bblarge\u00a0\u00bb alignment=\u00a0\u00bbcenter\u00a0\u00bb onclick=\u00a0\u00bbcustom_link\u00a0\u00bb img_link_target=\u00a0\u00bb_blank\u00a0\u00bb link=\u00a0\u00bbhttps:\/\/infuse-films.com\/wp-content\/uploads\/2020\/04\/greystone-sanitaires01-1536&#215;1024.jpg\u00a0\u00bb][vc_column_text]<\/p>\n<p style=\"text-align: center;\"><span style=\"font-weight: 400;\">Sanitaire \u00e9quip\u00e9 de douche<\/span><\/p>\n<p>[\/vc_column_text][\/vc_column][vc_column width=\u00a0\u00bb1\/5&Prime;][vc_single_image image=\u00a0\u00bb7611&Prime; img_size=\u00a0\u00bblarge\u00a0\u00bb alignment=\u00a0\u00bbcenter\u00a0\u00bb onclick=\u00a0\u00bbcustom_link\u00a0\u00bb img_link_target=\u00a0\u00bb_blank\u00a0\u00bb link=\u00a0\u00bbhttps:\/\/infuse-films.com\/wp-content\/uploads\/2020\/04\/greystone-cuisine01-1536&#215;1024.jpg\u00a0\u00bb][vc_column_text]<\/p>\n<p style=\"text-align: center;\"><span style=\"font-weight: 400;\">cuisine \u00e9quip\u00e9e de 20 m2<\/span><\/p>\n<p>[\/vc_column_text][\/vc_column][vc_column width=\u00a0\u00bb1\/5&Prime;][vc_single_image image=\u00a0\u00bb7597&Prime; img_size=\u00a0\u00bblarge\u00a0\u00bb alignment=\u00a0\u00bbcenter\u00a0\u00bb onclick=\u00a0\u00bbcustom_link\u00a0\u00bb img_link_target=\u00a0\u00bb_blank\u00a0\u00bb link=\u00a0\u00bbhttps:\/\/greystone.studio\/images\/greystone-glace-maquilleuse-lumi%C3%A8re-du-jour.jpg\u00a0\u00bb][vc_column_text]<\/p>\n<p style=\"text-align: center;\"><span style=\"font-weight: 400;\">Glace MUAH daylight<\/span><\/p>\n<p>[\/vc_column_text][\/vc_column][vc_column width=\u00a0\u00bb1\/5&Prime;][vc_single_image image=\u00a0\u00bb7603&Prime; img_size=\u00a0\u00bblarge\u00a0\u00bb alignment=\u00a0\u00bbcenter\u00a0\u00bb][vc_column_text]<\/p>\n<p style=\"text-align: center;\"><span style=\"font-weight: 400;\">bureaux de post-production\u00a0<\/span><\/p>\n<p>[\/vc_column_text][\/vc_column][\/vc_row][vc_row][vc_column width=\u00a0\u00bb1\/2&Prime;][vc_single_image image=\u00a0\u00bb657&Prime; img_size=\u00a0\u00bblarge\u00a0\u00bb alignment=\u00a0\u00bbcenter\u00a0\u00bb][vc_single_image image=\u00a0\u00bb658&Prime; img_size=\u00a0\u00bblarge\u00a0\u00bb alignment=\u00a0\u00bbcenter\u00a0\u00bb][vc_single_image image=\u00a0\u00bb662&Prime; img_size=\u00a0\u00bblarge\u00a0\u00bb alignment=\u00a0\u00bbcenter\u00a0\u00bb][\/vc_column][vc_column width=\u00a0\u00bb1\/2&Prime;][vc_single_image image=\u00a0\u00bb661&Prime; img_size=\u00a0\u00bblarge\u00a0\u00bb alignment=\u00a0\u00bbcenter\u00a0\u00bb][vc_single_image image=\u00a0\u00bb648&Prime; img_size=\u00a0\u00bblarge\u00a0\u00bb alignment=\u00a0\u00bbcenter\u00a0\u00bb][vc_single_image image=\u00a0\u00bb650&Prime; img_size=\u00a0\u00bblarge\u00a0\u00bb alignment=\u00a0\u00bbcenter\u00a0\u00bb][\/vc_column][\/vc_row][vc_row][vc_column][vc_column_text]<\/p>\n<h2 style=\"text-align: center;\"><span style=\"font-weight: 400;\">Comment acc\u00e9der au studio d\u2019Infuse Films ?<\/span><\/h2>\n<p style=\"text-align: center;\"><span style=\"font-weight: 400;\">Rien de plus simple !\u00a0<\/span><\/p>\n<p>[\/vc_column_text][\/vc_column][\/vc_row][vc_row][vc_column width=\u00a0\u00bb1\/4&Prime;][vc_single_image image=\u00a0\u00bb7614&Prime; img_size=\u00a0\u00bblarge\u00a0\u00bb alignment=\u00a0\u00bbcenter\u00a0\u00bb][vc_column_text]<\/p>\n<p style=\"text-align: center;\"><span style=\"font-weight: 400;\">En transport en commun, le studio est desserv<\/span><span style=\"font-weight: 400;\">i p<\/span><span style=\"font-weight: 400;\">ar le la ligne C3 (arr\u00eat Grand-Cl\u00e9ment) et le T3 (arr\u00eat Gare de Villeurbanne). Ces 2 lignes desservent directement la gare de la Part-Dieu.<\/span><\/p>\n<p>[\/vc_column_text][\/vc_column][vc_column width=\u00a0\u00bb1\/4&Prime;][vc_single_image image=\u00a0\u00bb7615&Prime; img_size=\u00a0\u00bblarge\u00a0\u00bb alignment=\u00a0\u00bbcenter\u00a0\u00bb][vc_column_text]<\/p>\n<p style=\"text-align: center;\"><span style=\"font-weight: 400;\">En voiture, il est \u00e0 proximit\u00e9 imm\u00e9diate du boulevard p\u00e9riph\u00e9rique.<\/span><\/p>\n<p>[\/vc_column_text][\/vc_column][vc_column width=\u00a0\u00bb1\/4&Prime;][vc_single_image image=\u00a0\u00bb7612&Prime; img_size=\u00a0\u00bblarge\u00a0\u00bb alignment=\u00a0\u00bbcenter\u00a0\u00bb][vc_column_text]<\/p>\n<p style=\"text-align: center;\"><span style=\"font-weight: 400;\">Un parking s\u00e9curis\u00e9 est \u00e0 votre dispositio<\/span><span style=\"font-weight: 400;\">n \u00e0<\/span><span style=\"font-weight: 400;\"> 50 m du studio, au 3 Rue Burais, 69100 Villeurbanne via l\u2019application Zenpark.<\/span><\/p>\n<p>[\/vc_column_text][vc_single_image image=\u00a0\u00bb7635&Prime; img_size=\u00a0\u00bb50&#215;60&Prime; alignment=\u00a0\u00bbcenter\u00a0\u00bb onclick=\u00a0\u00bbcustom_link\u00a0\u00bb img_link_target=\u00a0\u00bb_blank\u00a0\u00bb link=\u00a0\u00bbhttps:\/\/zenpark.com\/parkings\/parking-villeurbanne-gare\u00a0\u00bb][\/vc_column][vc_column width=\u00a0\u00bb1\/4&Prime;][vc_single_image image=\u00a0\u00bb7613&Prime; img_size=\u00a0\u00bblarge\u00a0\u00bb alignment=\u00a0\u00bbcenter\u00a0\u00bb][vc_column_text]<\/p>\n<p style=\"text-align: center;\"><span style=\"font-weight: 400;\">Si<\/span><span style=\"font-weight: 400;\">, comme nous,<\/span><span style=\"font-weight: 400;\"> vous aim<\/span><span style=\"font-weight: 400;\">ez<\/span><span style=\"font-weight: 400;\"> la bicyclette, notre cour int\u00e9rieure prendra bien soin de votre fid\u00e8le destrier.\u00a0 <\/span><\/p>\n<p>[\/vc_column_text][\/vc_column][\/vc_row][vc_row][vc_column][vc_gmaps link=\u00a0\u00bb#E-8_JTNDaWZyYW1lJTIwc3JjJTNEJTIyaHR0cHMlM0ElMkYlMkZ3d3cuZ29vZ2xlLmNvbSUyRm1hcHMlMkZlbWJlZCUzRnBiJTNEJTIxMW0xNCUyMTFtOCUyMTFtMyUyMTFkMTExMzQuMzM1NzYxODM4MTMyJTIxMmQ0Ljg5MjE5MjYlMjEzZDQ1Ljc1OTQ4NjQlMjEzbTIlMjExaTEwMjQlMjEyaTc2OCUyMTRmMTMuMSUyMTNtMyUyMTFtMiUyMTFzMHgwJTI1M0EweGJhYTdiOGYyYjE0OTUyZiUyMTJzR3JleXN0b25lJTI1MjBTdHVkaW8lMjE1ZTAlMjEzbTIlMjExc2ZyJTIxMnNmciUyMTR2MTU4NzM5Nzc3NzM5MCUyMTVtMiUyMTFzZnIlMjEyc2ZyJTIyJTIwd2lkdGglM0QlMjI2MDAlMjIlMjBoZWlnaHQlM0QlMjI0NTAlMjIlMjBmcmFtZWJvcmRlciUzRCUyMjAlMjIlMjBzdHlsZSUzRCUyMmJvcmRlciUzQTAlM0IlMjIlMjBhbGxvd2Z1bGxzY3JlZW4lM0QlMjIlMjIlMjBhcmlhLWhpZGRlbiUzRCUyMmZhbHNlJTIyJTIwdGFiaW5kZXglM0QlMjIwJTIyJTNFJTNDJTJGaWZyYW1lJTNF\u00a0\u00bb][\/vc_column][\/vc_row]<\/p>\n","protected":false},"excerpt":{"rendered":"<p>[vc_row][vc_column][vc_empty_space][\/vc_column][\/vc_row][vc_row][vc_column width=\u00a0\u00bb2\/3&Prime;][vc_column_text] Studio de cr\u00e9ation, r\u00e9alisation et production audiovisuelle [\/vc_column_text][\/vc_column][vc_column width=\u00a0\u00bb1\/6&Prime;][\/vc_column][\/vc_row][vc_row][vc_column width=\u00a0\u00bb2\/3&Prime;][vc_column_text] Situ\u00e9 \u00e0 Lyon-Villeurbanne, le studio dispose d\u2019un emplacement strat\u00e9gique dans le p\u00f4le de production lyonnais. Il est \u00e0 proximit\u00e9 imm\u00e9diate de la gare de Lyon Part-Dieu, du p\u00f4le Pixel ainsi que du boulevard p\u00e9riph\u00e9rique. [\/vc_column_text][\/vc_column][vc_column width=\u00a0\u00bb1\/6&Prime;][\/vc_column][\/vc_row][vc_row][vc_column][vc_single_image image=\u00a0\u00bb653&Prime; img_size=\u00a0\u00bblarge\u00a0\u00bb [&hellip;]<\/p>\n","protected":false},"author":1,"featured_media":907,"parent":0,"menu_order":0,"comment_status":"closed","ping_status":"closed","template":"","meta":{"footnotes":""},"yoast_head":"<!-- This site is optimized with the Yoast SEO plugin v23.5 - https:\/\/yoast.com\/wordpress\/plugins\/seo\/ -->\n<title>Notre Studio - Infuse films - Greystone Studio \u00e0 Lyon-Villeurbanne<\/title>\n<meta name=\"description\" content=\"C\u2019est au sein de notre studio de prise de vue enti\u00e8rement \u00e9quip\u00e9 que nous donnons vie \u00e0 vos projets et \u00e9laborons de nouveaux proc\u00e9d\u00e9s.\" \/>\n<meta name=\"robots\" content=\"index, follow, max-snippet:-1, max-image-preview:large, max-video-preview:-1\" \/>\n<link rel=\"canonical\" href=\"https:\/\/infuse-films.com\/index.php\/notre-studio\/\" \/>\n<meta property=\"og:locale\" content=\"fr_FR\" \/>\n<meta property=\"og:type\" content=\"article\" \/>\n<meta property=\"og:title\" content=\"Notre Studio - Infuse films - Greystone Studio \u00e0 Lyon-Villeurbanne\" \/>\n<meta property=\"og:description\" content=\"C\u2019est au sein de notre studio de prise de vue enti\u00e8rement \u00e9quip\u00e9 que nous donnons vie \u00e0 vos projets et \u00e9laborons de nouveaux proc\u00e9d\u00e9s.\" \/>\n<meta property=\"og:url\" content=\"https:\/\/infuse-films.com\/index.php\/notre-studio\/\" \/>\n<meta property=\"og:site_name\" content=\"Infuse films\" \/>\n<meta property=\"article:modified_time\" content=\"2024-05-13T10:44:31+00:00\" \/>\n<meta property=\"og:image\" content=\"https:\/\/infuse-films.com\/wp-content\/uploads\/2021\/04\/INFUSE_studio-v2-scaled.jpg\" \/>\n\t<meta property=\"og:image:width\" content=\"2560\" \/>\n\t<meta property=\"og:image:height\" content=\"1440\" \/>\n\t<meta property=\"og:image:type\" content=\"image\/jpeg\" \/>\n<meta name=\"twitter:card\" content=\"summary_large_image\" \/>\n<meta name=\"twitter:label1\" content=\"Dur\u00e9e de lecture estim\u00e9e\" \/>\n\t<meta name=\"twitter:data1\" content=\"2 minutes\" \/>\n<script type=\"application\/ld+json\" class=\"yoast-schema-graph\">{\"@context\":\"https:\/\/schema.org\",\"@graph\":[{\"@type\":\"WebPage\",\"@id\":\"https:\/\/infuse-films.com\/index.php\/notre-studio\/\",\"url\":\"https:\/\/infuse-films.com\/index.php\/notre-studio\/\",\"name\":\"Notre Studio - Infuse films - Greystone Studio \u00e0 Lyon-Villeurbanne\",\"isPartOf\":{\"@id\":\"https:\/\/infuse-films.com\/#website\"},\"primaryImageOfPage\":{\"@id\":\"https:\/\/infuse-films.com\/index.php\/notre-studio\/#primaryimage\"},\"image\":{\"@id\":\"https:\/\/infuse-films.com\/index.php\/notre-studio\/#primaryimage\"},\"thumbnailUrl\":\"https:\/\/infuse-films.com\/wp-content\/uploads\/2021\/04\/INFUSE_studio-v2-scaled.jpg\",\"datePublished\":\"2020-04-20T15:13:22+00:00\",\"dateModified\":\"2024-05-13T10:44:31+00:00\",\"description\":\"C\u2019est au sein de notre studio de prise de vue enti\u00e8rement \u00e9quip\u00e9 que nous donnons vie \u00e0 vos projets et \u00e9laborons de nouveaux proc\u00e9d\u00e9s.\",\"breadcrumb\":{\"@id\":\"https:\/\/infuse-films.com\/index.php\/notre-studio\/#breadcrumb\"},\"inLanguage\":\"fr-FR\",\"potentialAction\":[{\"@type\":\"ReadAction\",\"target\":[\"https:\/\/infuse-films.com\/index.php\/notre-studio\/\"]}]},{\"@type\":\"ImageObject\",\"inLanguage\":\"fr-FR\",\"@id\":\"https:\/\/infuse-films.com\/index.php\/notre-studio\/#primaryimage\",\"url\":\"https:\/\/infuse-films.com\/wp-content\/uploads\/2021\/04\/INFUSE_studio-v2-scaled.jpg\",\"contentUrl\":\"https:\/\/infuse-films.com\/wp-content\/uploads\/2021\/04\/INFUSE_studio-v2-scaled.jpg\",\"width\":2560,\"height\":1440,\"caption\":\"Le plateau du studio de prise de vue Greystone\"},{\"@type\":\"BreadcrumbList\",\"@id\":\"https:\/\/infuse-films.com\/index.php\/notre-studio\/#breadcrumb\",\"itemListElement\":[{\"@type\":\"ListItem\",\"position\":1,\"name\":\"Accueil\",\"item\":\"https:\/\/infuse-films.com\/\"},{\"@type\":\"ListItem\",\"position\":2,\"name\":\"Le studio\"}]},{\"@type\":\"WebSite\",\"@id\":\"https:\/\/infuse-films.com\/#website\",\"url\":\"https:\/\/infuse-films.com\/\",\"name\":\"Infuse films\",\"description\":\"Infuse, r\u00e9v\u00e9lateur de sens\",\"publisher\":{\"@id\":\"https:\/\/infuse-films.com\/#organization\"},\"potentialAction\":[{\"@type\":\"SearchAction\",\"target\":{\"@type\":\"EntryPoint\",\"urlTemplate\":\"https:\/\/infuse-films.com\/?s={search_term_string}\"},\"query-input\":{\"@type\":\"PropertyValueSpecification\",\"valueRequired\":true,\"valueName\":\"search_term_string\"}}],\"inLanguage\":\"fr-FR\"},{\"@type\":\"Organization\",\"@id\":\"https:\/\/infuse-films.com\/#organization\",\"name\":\"Infuse films\",\"url\":\"https:\/\/infuse-films.com\/\",\"logo\":{\"@type\":\"ImageObject\",\"inLanguage\":\"fr-FR\",\"@id\":\"https:\/\/infuse-films.com\/#\/schema\/logo\/image\/\",\"url\":\"https:\/\/infuse-films.com\/wp-content\/uploads\/2023\/10\/INFUSE-blanc.png\",\"contentUrl\":\"https:\/\/infuse-films.com\/wp-content\/uploads\/2023\/10\/INFUSE-blanc.png\",\"width\":1200,\"height\":236,\"caption\":\"Infuse films\"},\"image\":{\"@id\":\"https:\/\/infuse-films.com\/#\/schema\/logo\/image\/\"},\"sameAs\":[\"http:\/\/www.instagram.com\/infusefilms\/\",\"http:\/\/www.linkedin.com\/infuse-films\/\"]}]}<\/script>\n<!-- \/ Yoast SEO plugin. -->","yoast_head_json":{"title":"Notre Studio - Infuse films - Greystone Studio \u00e0 Lyon-Villeurbanne","description":"C\u2019est au sein de notre studio de prise de vue enti\u00e8rement \u00e9quip\u00e9 que nous donnons vie \u00e0 vos projets et \u00e9laborons de nouveaux proc\u00e9d\u00e9s.","robots":{"index":"index","follow":"follow","max-snippet":"max-snippet:-1","max-image-preview":"max-image-preview:large","max-video-preview":"max-video-preview:-1"},"canonical":"https:\/\/infuse-films.com\/index.php\/notre-studio\/","og_locale":"fr_FR","og_type":"article","og_title":"Notre Studio - Infuse films - Greystone Studio \u00e0 Lyon-Villeurbanne","og_description":"C\u2019est au sein de notre studio de prise de vue enti\u00e8rement \u00e9quip\u00e9 que nous donnons vie \u00e0 vos projets et \u00e9laborons de nouveaux proc\u00e9d\u00e9s.","og_url":"https:\/\/infuse-films.com\/index.php\/notre-studio\/","og_site_name":"Infuse films","article_modified_time":"2024-05-13T10:44:31+00:00","og_image":[{"width":2560,"height":1440,"url":"https:\/\/infuse-films.com\/wp-content\/uploads\/2021\/04\/INFUSE_studio-v2-scaled.jpg","type":"image\/jpeg"}],"twitter_card":"summary_large_image","twitter_misc":{"Dur\u00e9e de lecture estim\u00e9e":"2 minutes"},"schema":{"@context":"https:\/\/schema.org","@graph":[{"@type":"WebPage","@id":"https:\/\/infuse-films.com\/index.php\/notre-studio\/","url":"https:\/\/infuse-films.com\/index.php\/notre-studio\/","name":"Notre Studio - Infuse films - Greystone Studio \u00e0 Lyon-Villeurbanne","isPartOf":{"@id":"https:\/\/infuse-films.com\/#website"},"primaryImageOfPage":{"@id":"https:\/\/infuse-films.com\/index.php\/notre-studio\/#primaryimage"},"image":{"@id":"https:\/\/infuse-films.com\/index.php\/notre-studio\/#primaryimage"},"thumbnailUrl":"https:\/\/infuse-films.com\/wp-content\/uploads\/2021\/04\/INFUSE_studio-v2-scaled.jpg","datePublished":"2020-04-20T15:13:22+00:00","dateModified":"2024-05-13T10:44:31+00:00","description":"C\u2019est au sein de notre studio de prise de vue enti\u00e8rement \u00e9quip\u00e9 que nous donnons vie \u00e0 vos projets et \u00e9laborons de nouveaux proc\u00e9d\u00e9s.","breadcrumb":{"@id":"https:\/\/infuse-films.com\/index.php\/notre-studio\/#breadcrumb"},"inLanguage":"fr-FR","potentialAction":[{"@type":"ReadAction","target":["https:\/\/infuse-films.com\/index.php\/notre-studio\/"]}]},{"@type":"ImageObject","inLanguage":"fr-FR","@id":"https:\/\/infuse-films.com\/index.php\/notre-studio\/#primaryimage","url":"https:\/\/infuse-films.com\/wp-content\/uploads\/2021\/04\/INFUSE_studio-v2-scaled.jpg","contentUrl":"https:\/\/infuse-films.com\/wp-content\/uploads\/2021\/04\/INFUSE_studio-v2-scaled.jpg","width":2560,"height":1440,"caption":"Le plateau du studio de prise de vue Greystone"},{"@type":"BreadcrumbList","@id":"https:\/\/infuse-films.com\/index.php\/notre-studio\/#breadcrumb","itemListElement":[{"@type":"ListItem","position":1,"name":"Accueil","item":"https:\/\/infuse-films.com\/"},{"@type":"ListItem","position":2,"name":"Le studio"}]},{"@type":"WebSite","@id":"https:\/\/infuse-films.com\/#website","url":"https:\/\/infuse-films.com\/","name":"Infuse films","description":"Infuse, r\u00e9v\u00e9lateur de sens","publisher":{"@id":"https:\/\/infuse-films.com\/#organization"},"potentialAction":[{"@type":"SearchAction","target":{"@type":"EntryPoint","urlTemplate":"https:\/\/infuse-films.com\/?s={search_term_string}"},"query-input":{"@type":"PropertyValueSpecification","valueRequired":true,"valueName":"search_term_string"}}],"inLanguage":"fr-FR"},{"@type":"Organization","@id":"https:\/\/infuse-films.com\/#organization","name":"Infuse films","url":"https:\/\/infuse-films.com\/","logo":{"@type":"ImageObject","inLanguage":"fr-FR","@id":"https:\/\/infuse-films.com\/#\/schema\/logo\/image\/","url":"https:\/\/infuse-films.com\/wp-content\/uploads\/2023\/10\/INFUSE-blanc.png","contentUrl":"https:\/\/infuse-films.com\/wp-content\/uploads\/2023\/10\/INFUSE-blanc.png","width":1200,"height":236,"caption":"Infuse films"},"image":{"@id":"https:\/\/infuse-films.com\/#\/schema\/logo\/image\/"},"sameAs":["http:\/\/www.instagram.com\/infusefilms\/","http:\/\/www.linkedin.com\/infuse-films\/"]}]}},"_links":{"self":[{"href":"https:\/\/infuse-films.com\/index.php\/wp-json\/wp\/v2\/pages\/637"}],"collection":[{"href":"https:\/\/infuse-films.com\/index.php\/wp-json\/wp\/v2\/pages"}],"about":[{"href":"https:\/\/infuse-films.com\/index.php\/wp-json\/wp\/v2\/types\/page"}],"author":[{"embeddable":true,"href":"https:\/\/infuse-films.com\/index.php\/wp-json\/wp\/v2\/users\/1"}],"replies":[{"embeddable":true,"href":"https:\/\/infuse-films.com\/index.php\/wp-json\/wp\/v2\/comments?post=637"}],"version-history":[{"count":53,"href":"https:\/\/infuse-films.com\/index.php\/wp-json\/wp\/v2\/pages\/637\/revisions"}],"predecessor-version":[{"id":9464,"href":"https:\/\/infuse-films.com\/index.php\/wp-json\/wp\/v2\/pages\/637\/revisions\/9464"}],"wp:featuredmedia":[{"embeddable":true,"href":"https:\/\/infuse-films.com\/index.php\/wp-json\/wp\/v2\/media\/907"}],"wp:attachment":[{"href":"https:\/\/infuse-films.com\/index.php\/wp-json\/wp\/v2\/media?parent=637"}],"curies":[{"name":"wp","href":"https:\/\/api.w.org\/{rel}","templated":true}]}}